{"id":1435,"date":"2022-10-27T21:39:29","date_gmt":"2022-10-28T00:39:29","guid":{"rendered":"https:\/\/eucurioso.com.br\/?page_id=9"},"modified":"2024-07-12T21:06:38","modified_gmt":"2024-07-12T21:06:38","slug":"termos-de-uso","status":"publish","type":"page","link":"https:\/\/eucurioso.com.br\/ar\/termos-de-uso\/","title":{"rendered":"\u0634\u0631\u0648\u0637 \u0627\u0644\u0627\u0633\u062a\u062e\u062f\u0627\u0645"},"content":{"rendered":"<h2 class=\"wp-block-heading\" id=\"h-1-termos\">1. \u0627\u0644\u0634\u0631\u0648\u0637<\/h2>\n\n\n\n<p>\u0639\u0646\u062f \u0627\u0644\u062f\u062e\u0648\u0644 \u0625\u0644\u0649 \u0627\u0644\u0645\u0648\u0642\u0639&nbsp;<a href=\"https:\/\/eucurioso.com.br\/ar\/\">\u0623\u0646\u0627 \u0641\u0636\u0648\u0644\u064a<\/a>\u0623\u0646\u062a \u062a\u0648\u0627\u0641\u0642 \u0639\u0644\u0649 \u0627\u0644\u0627\u0644\u062a\u0632\u0627\u0645 \u0628\u0634\u0631\u0648\u0637 \u0627\u0644\u062e\u062f\u0645\u0629 \u0647\u0630\u0647 \u0648\u062c\u0645\u064a\u0639 \u0627\u0644\u0642\u0648\u0627\u0646\u064a\u0646 \u0648\u0627\u0644\u0644\u0648\u0627\u0626\u062d \u0627\u0644\u0645\u0639\u0645\u0648\u0644 \u0628\u0647\u0627\u060c \u0648\u062a\u0648\u0627\u0641\u0642 \u0639\u0644\u0649 \u0623\u0646\u0643 \u0645\u0633\u0624\u0648\u0644 \u0639\u0646 \u0627\u0644\u0627\u0645\u062a\u062b\u0627\u0644 \u0644\u0623\u064a\u0629 \u0642\u0648\u0627\u0646\u064a\u0646 \u0645\u062d\u0644\u064a\u0629 \u0645\u0639\u0645\u0648\u0644 \u0628\u0647\u0627. \u0625\u0630\u0627 \u0643\u0646\u062a \u0644\u0627 \u062a\u0648\u0627\u0641\u0642 \u0639\u0644\u0649 \u0623\u064a \u0645\u0646 \u0647\u0630\u0647 \u0627\u0644\u0634\u0631\u0648\u0637\u060c \u064a\u064f\u062d\u0638\u0631 \u0639\u0644\u064a\u0643 \u0627\u0633\u062a\u062e\u062f\u0627\u0645 \u0647\u0630\u0627 \u0627\u0644\u0645\u0648\u0642\u0639 \u0623\u0648 \u0627\u0644\u0648\u0635\u0648\u0644 \u0625\u0644\u064a\u0647. \u0627\u0644\u0645\u0648\u0627\u062f \u0627\u0644\u0645\u0648\u062c\u0648\u062f\u0629 \u0641\u064a \u0647\u0630\u0627 \u0627\u0644\u0645\u0648\u0642\u0639 \u0645\u062d\u0645\u064a\u0629 \u0628\u0645\u0648\u062c\u0628 \u0642\u0648\u0627\u0646\u064a\u0646 \u062d\u0642\u0648\u0642 \u0627\u0644\u0646\u0634\u0631 \u0648\u0627\u0644\u0639\u0644\u0627\u0645\u0627\u062a \u0627\u0644\u062a\u062c\u0627\u0631\u064a\u0629 \u0627\u0644\u0645\u0639\u0645\u0648\u0644 \u0628\u0647\u0627.<\/p>\n\n\n\n<h2 class=\"wp-block-heading\" id=\"h-2-uso-de-licenca\">2. \u0627\u0633\u062a\u062e\u062f\u0627\u0645 \u0627\u0644\u062a\u0631\u062e\u064a\u0635<\/h2>\n\n\n\n<p>\u064a\u062a\u0645 \u0645\u0646\u062d \u0627\u0644\u0625\u0630\u0646 \u0628\u062a\u0646\u0632\u064a\u0644 \u0646\u0633\u062e\u0629 \u0648\u0627\u062d\u062f\u0629 \u0645\u0646 \u0627\u0644\u0645\u0648\u0627\u062f (\u0627\u0644\u0645\u0639\u0644\u0648\u0645\u0627\u062a \u0623\u0648 \u0627\u0644\u0628\u0631\u0627\u0645\u062c) \u0628\u0634\u0643\u0644 \u0645\u0624\u0642\u062a \u0639\u0644\u0649 \u0645\u0648\u0642\u0639 Eu Curioso \u0644\u0644\u0639\u0631\u0636 \u0627\u0644\u0634\u062e\u0635\u064a \u0648\u063a\u064a\u0631 \u0627\u0644\u062a\u062c\u0627\u0631\u064a \u0627\u0644\u0645\u0624\u0642\u062a \u0641\u0642\u0637. \u064a\u0639\u062f \u0647\u0630\u0627 \u0628\u0645\u062b\u0627\u0628\u0629 \u0645\u0646\u062d \u062a\u0631\u062e\u064a\u0635\u060c \u0648\u0644\u064a\u0633 \u0646\u0642\u0644 \u0645\u0644\u0643\u064a\u0629\u060c \u0648\u0628\u0645\u0648\u062c\u0628 \u0647\u0630\u0627 \u0627\u0644\u062a\u0631\u062e\u064a\u0635 \u0644\u0627 \u064a\u062c\u0648\u0632 \u0644\u0643:<\/p>\n\n\n\n<ol class=\"wp-block-list\">\n<li>\u062a\u0639\u062f\u064a\u0644 \u0623\u0648 \u0646\u0633\u062e \u0627\u0644\u0645\u0648\u0627\u062f\u061b<\/li>\n\n\n\n<li>\u0627\u0633\u062a\u062e\u062f\u0627\u0645 \u0627\u0644\u0645\u0648\u0627\u062f \u0644\u0623\u064a \u063a\u0631\u0636 \u062a\u062c\u0627\u0631\u064a \u0623\u0648 \u0644\u0644\u0639\u0631\u0636 \u0627\u0644\u0639\u0627\u0645 (\u062a\u062c\u0627\u0631\u064a \u0623\u0648 \u063a\u064a\u0631 \u062a\u062c\u0627\u0631\u064a)\u061b<\/li>\n\n\n\n<li>\u0645\u062d\u0627\u0648\u0644\u0629 \u0641\u0643 \u0623\u0648 \u0639\u0643\u0633 \u0647\u0646\u062f\u0633\u0629 \u0623\u064a \u0628\u0631\u0646\u0627\u0645\u062c \u0645\u0648\u062c\u0648\u062f \u0639\u0644\u0649 \u0645\u0648\u0642\u0639 Eu Curioso\u061b<\/li>\n\n\n\n<li>\u0625\u0632\u0627\u0644\u0629 \u0623\u064a \u062d\u0642\u0648\u0642 \u0646\u0634\u0631 \u0623\u0648 \u0623\u064a \u0639\u0644\u0627\u0645\u0627\u062a \u0645\u0644\u0643\u064a\u0629 \u0623\u062e\u0631\u0649 \u0645\u0646 \u0627\u0644\u0645\u0648\u0627\u062f\u061b \u0623\u0648<\/li>\n\n\n\n<li>\u0646\u0642\u0644 \u0627\u0644\u0645\u0648\u0627\u062f \u0625\u0644\u0649 \u0634\u062e\u0635 \u0622\u062e\u0631 \u0623\u0648 &quot;\u0646\u0633\u062e&quot; \u0627\u0644\u0645\u0648\u0627\u062f \u0639\u0644\u0649 \u0623\u064a \u062e\u0627\u062f\u0645 \u0622\u062e\u0631.<\/li>\n<\/ol>\n\n\n\n<p>\u0633\u064a\u062a\u0645 \u0625\u0646\u0647\u0627\u0621 \u0647\u0630\u0627 \u0627\u0644\u062a\u0631\u062e\u064a\u0635 \u062a\u0644\u0642\u0627\u0626\u064a\u064b\u0627 \u0641\u064a \u062d\u0627\u0644\u0629 \u0627\u0646\u062a\u0647\u0627\u0643 \u0623\u064a \u0645\u0646 \u0647\u0630\u0647 \u0627\u0644\u0642\u064a\u0648\u062f \u0648\u064a\u062c\u0648\u0632 \u0644\u0634\u0631\u0643\u0629 Eu Curioso \u0625\u0646\u0647\u0627\u0624\u0647 \u0641\u064a \u0623\u064a \u0648\u0642\u062a. \u0639\u0646\u062f \u0625\u0646\u0647\u0627\u0621 \u0639\u0631\u0636\u0643 \u0644\u0647\u0630\u0647 \u0627\u0644\u0645\u0648\u0627\u062f \u0623\u0648 \u0639\u0646\u062f \u0625\u0646\u0647\u0627\u0621 \u0647\u0630\u0627 \u0627\u0644\u062a\u0631\u062e\u064a\u0635\u060c \u064a\u062c\u0628 \u0639\u0644\u064a\u0643 \u062d\u0630\u0641 \u0623\u064a \u0645\u0648\u0627\u062f \u062a\u0645 \u062a\u0646\u0632\u064a\u0644\u0647\u0627 \u0628\u062d\u0648\u0632\u062a\u0643 \u0633\u0648\u0627\u0621 \u0643\u0627\u0646\u062a \u0628\u062a\u0646\u0633\u064a\u0642 \u0625\u0644\u0643\u062a\u0631\u0648\u0646\u064a \u0623\u0648 \u0645\u0637\u0628\u0648\u0639.<\/p>\n\n\n\n<h2 class=\"wp-block-heading\" id=\"h-3-isencao-de-responsabilidade\">3. \u0625\u062e\u0644\u0627\u0621 \u0627\u0644\u0645\u0633\u0624\u0648\u0644\u064a\u0629<\/h2>\n\n\n\n<ol class=\"wp-block-list\">\n<li>\u064a\u062a\u0645 \u062a\u0648\u0641\u064a\u0631 \u0627\u0644\u0645\u0648\u0627\u062f \u0627\u0644\u0645\u0648\u062c\u0648\u062f\u0629 \u0639\u0644\u0649 \u0645\u0648\u0642\u0639 Eu Curioso &quot;\u0643\u0645\u0627 \u0647\u064a&quot;. \u0644\u0627 \u062a\u0642\u062f\u0645 Eu Curioso \u0623\u064a \u0636\u0645\u0627\u0646\u0627\u062a\u060c \u0635\u0631\u064a\u062d\u0629 \u0623\u0648 \u0636\u0645\u0646\u064a\u0629\u060c \u0648\u062a\u0646\u0643\u0631 \u0628\u0645\u0648\u062c\u0628 \u0647\u0630\u0627 \u0648\u062a\u0646\u0641\u064a \u062c\u0645\u064a\u0639 \u0627\u0644\u0636\u0645\u0627\u0646\u0627\u062a \u0627\u0644\u0623\u062e\u0631\u0649\u060c \u0628\u0645\u0627 \u0641\u064a \u0630\u0644\u0643\u060c \u0639\u0644\u0649 \u0633\u0628\u064a\u0644 \u0627\u0644\u0645\u062b\u0627\u0644 \u0644\u0627 \u0627\u0644\u062d\u0635\u0631\u060c \u0627\u0644\u0636\u0645\u0627\u0646\u0627\u062a \u0627\u0644\u0636\u0645\u0646\u064a\u0629 \u0623\u0648 \u0634\u0631\u0648\u0637 \u0627\u0644\u0642\u0627\u0628\u0644\u064a\u0629 \u0644\u0644\u062a\u0633\u0648\u064a\u0642 \u0623\u0648 \u0627\u0644\u0645\u0644\u0627\u0621\u0645\u0629 \u0644\u063a\u0631\u0636 \u0645\u0639\u064a\u0646 \u0623\u0648 \u0639\u062f\u0645 \u0627\u0646\u062a\u0647\u0627\u0643 \u0627\u0644\u0645\u0644\u0643\u064a\u0629 \u0627\u0644\u0641\u0643\u0631\u064a\u0629 \u0623\u0648 \u0623\u064a \u0627\u0646\u062a\u0647\u0627\u0643 \u0622\u062e\u0631 \u0644\u0644\u062d\u0642\u0648\u0642.<\/li>\n\n\n\n<li>\u0639\u0644\u0627\u0648\u0629 \u0639\u0644\u0649 \u0630\u0644\u0643\u060c \u0644\u0627 \u062a\u0636\u0645\u0646 \u0634\u0631\u0643\u0629 Eu Curioso \u0623\u0648 \u062a\u0642\u062f\u0645 \u0623\u064a \u062a\u0639\u0647\u062f\u0627\u062a \u0641\u064a\u0645\u0627 \u064a\u062a\u0639\u0644\u0642 \u0628\u0627\u0644\u062f\u0642\u0629 \u0623\u0648 \u0627\u0644\u0646\u062a\u0627\u0626\u062c \u0627\u0644\u0645\u062d\u062a\u0645\u0644\u0629 \u0623\u0648 \u0645\u0648\u062b\u0648\u0642\u064a\u0629 \u0627\u0633\u062a\u062e\u062f\u0627\u0645 \u0627\u0644\u0645\u0648\u0627\u062f \u0627\u0644\u0645\u0648\u062c\u0648\u062f\u0629 \u0639\u0644\u0649 \u0645\u0648\u0642\u0639\u0647\u0627 \u0627\u0644\u0625\u0644\u0643\u062a\u0631\u0648\u0646\u064a \u0623\u0648 \u0641\u064a\u0645\u0627 \u064a\u062a\u0639\u0644\u0642 \u0628\u0647\u0630\u0647 \u0627\u0644\u0645\u0648\u0627\u062f \u0623\u0648 \u0639\u0644\u0649 \u0623\u064a \u0645\u0648\u0627\u0642\u0639 \u0645\u0631\u062a\u0628\u0637\u0629 \u0628\u0647\u0630\u0627 \u0627\u0644\u0645\u0648\u0642\u0639.<\/li>\n<\/ol>\n\n\n\n<h2 class=\"wp-block-heading\" id=\"h-4-limitacoes\">4. \u0627\u0644\u0642\u064a\u0648\u062f<\/h2>\n\n\n\n<p>\u0644\u0646 \u062a\u062a\u062d\u0645\u0644 Eu Curioso \u0623\u0648 \u0645\u0648\u0631\u062f\u064a\u0647\u0627 \u0628\u0623\u064a \u062d\u0627\u0644 \u0645\u0646 \u0627\u0644\u0623\u062d\u0648\u0627\u0644 \u0627\u0644\u0645\u0633\u0624\u0648\u0644\u064a\u0629 \u0639\u0646 \u0623\u064a \u0623\u0636\u0631\u0627\u0631 (\u0628\u0645\u0627 \u0641\u064a \u0630\u0644\u0643\u060c \u0639\u0644\u0649 \u0633\u0628\u064a\u0644 \u0627\u0644\u0645\u062b\u0627\u0644 \u0644\u0627 \u0627\u0644\u062d\u0635\u0631\u060c \u0627\u0644\u0623\u0636\u0631\u0627\u0631 \u0627\u0644\u0646\u0627\u062c\u0645\u0629 \u0639\u0646 \u0641\u0642\u062f\u0627\u0646 \u0627\u0644\u0628\u064a\u0627\u0646\u0627\u062a \u0623\u0648 \u0627\u0644\u0623\u0631\u0628\u0627\u062d\u060c \u0623\u0648 \u0628\u0633\u0628\u0628 \u0627\u0646\u0642\u0637\u0627\u0639 \u0627\u0644\u0623\u0639\u0645\u0627\u0644) \u0627\u0644\u0646\u0627\u0634\u0626\u0629 \u0639\u0646 \u0627\u0633\u062a\u062e\u062f\u0627\u0645 \u0623\u0648 \u0639\u062f\u0645 \u0627\u0644\u0642\u062f\u0631\u0629 \u0639\u0644\u0649 \u0627\u0633\u062a\u062e\u062f\u0627\u0645 \u0627\u0644\u0645\u0648\u0627\u062f \u0627\u0644\u0645\u0648\u062c\u0648\u062f\u0629 \u0639\u0644\u0649 \u0645\u0648\u0642\u0639 Eu Curioso\u060c \u062d\u062a\u0649 \u0644\u0648 \u062a\u0645 \u0625\u062e\u0637\u0627\u0631 Eu Curioso \u0623\u0648 \u0645\u0645\u062b\u0644 \u0645\u0639\u062a\u0645\u062f \u0645\u0646 Eu Curioso \u0634\u0641\u0647\u064a\u064b\u0627 \u0623\u0648 \u0643\u062a\u0627\u0628\u064a\u064b\u0627 \u0628\u0625\u0645\u0643\u0627\u0646\u064a\u0629 \u062d\u062f\u0648\u062b \u0645\u062b\u0644 \u0647\u0630\u0647 \u0627\u0644\u0623\u0636\u0631\u0627\u0631. \u0646\u0638\u0631\u064b\u0627 \u0644\u0623\u0646 \u0628\u0639\u0636 \u0627\u0644\u0648\u0644\u0627\u064a\u0627\u062a \u0627\u0644\u0642\u0636\u0627\u0626\u064a\u0629 \u0644\u0627 \u062a\u0633\u0645\u062d \u0628\u0641\u0631\u0636 \u0642\u064a\u0648\u062f \u0639\u0644\u0649 \u0627\u0644\u0636\u0645\u0627\u0646\u0627\u062a \u0627\u0644\u0636\u0645\u0646\u064a\u0629\u060c \u0623\u0648 \u0642\u064a\u0648\u062f \u0627\u0644\u0645\u0633\u0624\u0648\u0644\u064a\u0629 \u0639\u0646 \u0627\u0644\u0623\u0636\u0631\u0627\u0631 \u0627\u0644\u062a\u0628\u0639\u064a\u0629 \u0623\u0648 \u0627\u0644\u0639\u0631\u0636\u064a\u0629\u060c \u0641\u0642\u062f \u0644\u0627 \u062a\u0646\u0637\u0628\u0642 \u0647\u0630\u0647 \u0627\u0644\u0642\u064a\u0648\u062f \u0639\u0644\u064a\u0643.<\/p>\n\n\n\n<h2 class=\"wp-block-heading\" id=\"h-5-precisao-dos-materiais\">5. \u062f\u0642\u0629 \u0627\u0644\u0645\u0648\u0627\u062f<\/h2>\n\n\n\n<p>\u064a\u0645\u0643\u0646 \u0623\u0646 \u062a\u062a\u0636\u0645\u0646 \u0627\u0644\u0645\u0648\u0627\u062f \u0627\u0644\u062a\u064a \u062a\u0638\u0647\u0631 \u0639\u0644\u0649 \u0645\u0648\u0642\u0639 Eu Curioso \u0623\u062e\u0637\u0627\u0621 \u0641\u0646\u064a\u0629 \u0623\u0648 \u0645\u0637\u0628\u0639\u064a\u0629 \u0623\u0648 \u0641\u0648\u062a\u0648\u063a\u0631\u0627\u0641\u064a\u0629. \u0644\u0627 \u062a\u0636\u0645\u0646 \u0634\u0631\u0643\u0629 Eu Curioso \u0623\u0646 \u062a\u0643\u0648\u0646 \u0623\u064a \u0645\u0648\u0627\u062f \u0645\u0648\u062c\u0648\u062f\u0629 \u0639\u0644\u0649 \u0645\u0648\u0642\u0639\u0647\u0627 \u0627\u0644\u0625\u0644\u0643\u062a\u0631\u0648\u0646\u064a \u062f\u0642\u064a\u0642\u0629 \u0623\u0648 \u0643\u0627\u0645\u0644\u0629 \u0623\u0648 \u062d\u062f\u064a\u062b\u0629. \u064a\u062c\u0648\u0632 \u0644\u0634\u0631\u0643\u0629 Eu Curioso \u0625\u062c\u0631\u0627\u0621 \u062a\u063a\u064a\u064a\u0631\u0627\u062a \u0639\u0644\u0649 \u0627\u0644\u0645\u0648\u0627\u062f \u0627\u0644\u0648\u0627\u0631\u062f\u0629 \u0639\u0644\u0649 \u0645\u0648\u0642\u0639\u0647\u0627 \u0627\u0644\u0625\u0644\u0643\u062a\u0631\u0648\u0646\u064a \u0641\u064a \u0623\u064a \u0648\u0642\u062a \u062f\u0648\u0646 \u0625\u0634\u0639\u0627\u0631 \u0645\u0633\u0628\u0642. \u0648\u0645\u0639 \u0630\u0644\u0643\u060c \u0644\u0627 \u062a\u0642\u062f\u0645 Eu Curioso \u0623\u064a \u0627\u0644\u062a\u0632\u0627\u0645 \u0628\u062a\u062d\u062f\u064a\u062b \u0627\u0644\u0645\u0648\u0627\u062f.<\/p>\n\n\n\n<h2 class=\"wp-block-heading\" id=\"h-6-links\">6. \u0627\u0644\u0631\u0648\u0627\u0628\u0637<\/h2>\n\n\n\n<p>\u0644\u0645 \u062a\u0642\u0645 \u0634\u0631\u0643\u0629 Eu Curioso \u0628\u0645\u0631\u0627\u062c\u0639\u0629 \u062c\u0645\u064a\u0639 \u0627\u0644\u0645\u0648\u0627\u0642\u0639 \u0627\u0644\u0645\u0631\u062a\u0628\u0637\u0629 \u0628\u0645\u0648\u0642\u0639\u0647\u0627 \u0627\u0644\u0625\u0644\u0643\u062a\u0631\u0648\u0646\u064a \u0648\u0644\u064a\u0633\u062a \u0645\u0633\u0624\u0648\u0644\u0629 \u0639\u0646 \u0645\u062d\u062a\u0648\u064a\u0627\u062a \u0623\u064a \u0645\u0648\u0642\u0639 \u0645\u0631\u062a\u0628\u0637. \u0625\u0646 \u0625\u062f\u0631\u0627\u062c \u0623\u064a \u0631\u0627\u0628\u0637 \u0644\u0627 \u064a\u0639\u0646\u064a \u0645\u0648\u0627\u0641\u0642\u0629 Eu Curioso \u0639\u0644\u0649 \u0627\u0644\u0645\u0648\u0642\u0639. \u0625\u0646 \u0627\u0633\u062a\u062e\u062f\u0627\u0645 \u0623\u064a \u0645\u0648\u0642\u0639 \u0645\u0631\u062a\u0628\u0637 \u064a\u0643\u0648\u0646 \u0639\u0644\u0649 \u0645\u0633\u0624\u0648\u0644\u064a\u0629 \u0627\u0644\u0645\u0633\u062a\u062e\u062f\u0645 \u0627\u0644\u062e\u0627\u0635\u0629.<\/p>\n\n\n\n<h3 class=\"wp-block-heading\" id=\"h-modificacoes\">\u0627\u0644\u062a\u0639\u062f\u064a\u0644\u0627\u062a<\/h3>\n\n\n\n<p>\u064a\u062c\u0648\u0632 \u0644\u0634\u0631\u0643\u0629 Eu Curioso \u0645\u0631\u0627\u062c\u0639\u0629 \u0634\u0631\u0648\u0637 \u0627\u0644\u062e\u062f\u0645\u0629 \u0644\u0645\u0648\u0642\u0639\u0647\u0627 \u0627\u0644\u0625\u0644\u0643\u062a\u0631\u0648\u0646\u064a \u0641\u064a \u0623\u064a \u0648\u0642\u062a \u062f\u0648\u0646 \u0633\u0627\u0628\u0642 \u0625\u0646\u0630\u0627\u0631. \u0628\u0627\u0633\u062a\u062e\u062f\u0627\u0645 \u0647\u0630\u0627 \u0627\u0644\u0645\u0648\u0642\u0639\u060c \u0641\u0625\u0646\u0643 \u062a\u0648\u0627\u0641\u0642 \u0639\u0644\u0649 \u0627\u0644\u0627\u0644\u062a\u0632\u0627\u0645 \u0628\u0627\u0644\u0625\u0635\u062f\u0627\u0631 \u0627\u0644\u062d\u0627\u0644\u064a \u0645\u0646 \u0634\u0631\u0648\u0637 \u0627\u0644\u062e\u062f\u0645\u0629 \u0647\u0630\u0647.<\/p>\n\n\n\n<h3 class=\"wp-block-heading\" id=\"h-lei-aplicavel\">\u0627\u0644\u0642\u0627\u0646\u0648\u0646 \u0627\u0644\u0645\u0639\u0645\u0648\u0644 \u0628\u0647<\/h3>\n\n\n\n<p>\u062a\u062e\u0636\u0639 \u0647\u0630\u0647 \u0627\u0644\u0634\u0631\u0648\u0637 \u0648\u0627\u0644\u0623\u062d\u0643\u0627\u0645 \u0648\u062a\u0641\u0633\u0631 \u0648\u0641\u0642\u064b\u0627 \u0644\u0642\u0648\u0627\u0646\u064a\u0646 Eu Curioso\u060c \u0648\u062a\u062e\u0636\u0639 \u0628\u0634\u0643\u0644 \u0644\u0627 \u0631\u062c\u0639\u0629 \u0641\u064a\u0647 \u0644\u0644\u0633\u0644\u0637\u0629 \u0627\u0644\u0642\u0636\u0627\u0626\u064a\u0629 \u0627\u0644\u062d\u0635\u0631\u064a\u0629 \u0644\u0644\u0645\u062d\u0627\u0643\u0645 \u0641\u064a \u062a\u0644\u0643 \u0627\u0644\u062f\u0648\u0644\u0629 \u0623\u0648 \u0627\u0644\u0645\u0648\u0642\u0639.<\/p>","protected":false},"excerpt":{"rendered":"<p>1. Termos Ao acessar ao site&nbsp;Eu Curioso, voc\u00ea concorda em cumprir estes termos de servi\u00e7o, todas as leis e regulamentos aplic\u00e1veis \u200b\u200be concorda que \u00e9 respons\u00e1vel pelo cumprimento de todas as leis locais aplic\u00e1veis. Se voc\u00ea n\u00e3o concordar com algum desses termos, est\u00e1 proibido de usar ou acessar este site. Os materiais contidos neste site [&hellip;]<\/p>","protected":false},"author":2,"featured_media":0,"parent":0,"menu_order":0,"comment_status":"closed","ping_status":"closed","template":"","meta":{"footnotes":""},"class_list":["post-1435","page","type-page","status-publish","hentry"],"blocksy_meta":{"styles_descriptor":{"styles":{"desktop":"","tablet":"","mobile":""},"google_fonts":[],"version":6}},"_links":{"self":[{"href":"https:\/\/eucurioso.com.br\/ar\/wp-json\/wp\/v2\/pages\/1435","targetHints":{"allow":["GET"]}}],"collection":[{"href":"https:\/\/eucurioso.com.br\/ar\/wp-json\/wp\/v2\/pages"}],"about":[{"href":"https:\/\/eucurioso.com.br\/ar\/wp-json\/wp\/v2\/types\/page"}],"author":[{"embeddable":true,"href":"https:\/\/eucurioso.com.br\/ar\/wp-json\/wp\/v2\/users\/2"}],"replies":[{"embeddable":true,"href":"https:\/\/eucurioso.com.br\/ar\/wp-json\/wp\/v2\/comments?post=1435"}],"version-history":[{"count":1,"href":"https:\/\/eucurioso.com.br\/ar\/wp-json\/wp\/v2\/pages\/1435\/revisions"}],"predecessor-version":[{"id":8200,"href":"https:\/\/eucurioso.com.br\/ar\/wp-json\/wp\/v2\/pages\/1435\/revisions\/8200"}],"wp:attachment":[{"href":"https:\/\/eucurioso.com.br\/ar\/wp-json\/wp\/v2\/media?parent=1435"}],"curies":[{"name":"wp","href":"https:\/\/api.w.org\/{rel}","templated":true}]}}