{"id":7599,"date":"2024-06-17T21:53:13","date_gmt":"2024-06-18T00:53:13","guid":{"rendered":"https:\/\/eucurioso.com.br\/?page_id=7599"},"modified":"2024-07-12T21:06:33","modified_gmt":"2024-07-12T21:06:33","slug":"aplicativo-para-aprender-a-dirigir-lp","status":"publish","type":"page","link":"https:\/\/eucurioso.com.br\/es\/aplicativo-para-aprender-a-dirigir-lp\/","title":{"rendered":"App para aprender a conducir \u2013 \u00a1Mira c\u00f3mo funciona!"},"content":{"rendered":"<div class=\"wp-block-columns has-background is-layout-flex wp-container-core-columns-is-layout-135c6b51 wp-block-columns-is-layout-flex\" style=\"border-style:dashed;border-width:1px;background-color:#fafbfc;margin-top:0;margin-bottom:0;padding-top:var(--wp--preset--spacing--50);padding-right:var(--wp--preset--spacing--50);padding-bottom:var(--wp--preset--spacing--50);padding-left:var(--wp--preset--spacing--50)\">\n<div class=\"wp-block-column is-layout-flow wp-container-core-column-is-layout-bfc02d00 wp-block-column-is-layout-flow\" style=\"padding-top:0px;padding-bottom:15px;flex-basis:66.66%\">\n<h2 class=\"wp-block-heading has-medium-font-size\">\u00bfSab\u00edas que es posible aprender a conducir usando el celular?<\/h2>\n\n\n\n<p>Con estas apps podr\u00e1s aprender a conducir <\/p>\n<\/div>\n\n\n\n<div class=\"wp-block-column is-layout-flow wp-block-column-is-layout-flow\" style=\"flex-basis:33.33%\">\n<div class=\"wp-block-buttons is-content-justification-center is-layout-flex wp-container-core-buttons-is-layout-a89b3969 wp-block-buttons-is-layout-flex\">\n<div class=\"wp-block-button has-custom-width wp-block-button__width-100 has-custom-font-size has-medium-font-size\"><a class=\"wp-block-button__link has-background has-text-align-center wp-element-button\" href=\"https:\/\/eucurioso.com.br\/es\/aplicativos-para-aprender-a-dirigir-pelo-celular\/\" style=\"border-radius:50px;background-color:#019548;padding-top:var(--wp--preset--spacing--30);padding-right:var(--wp--preset--spacing--50);padding-bottom:var(--wp--preset--spacing--30);padding-left:var(--wp--preset--spacing--50)\"><strong>\u2b95 VER C\u00d3MO EMPEZAR<\/strong><\/a><\/div>\n<\/div>\n\n\n\n<p class=\"has-text-align-center\" style=\"margin-top:var(--wp--preset--spacing--20);font-size:12px\">Permanecer\u00e1s en el mismo sitio web.<\/p>\n<\/div>\n<\/div>\n\n\n\n<div style=\"height:10px\" aria-hidden=\"true\" class=\"wp-block-spacer\"><\/div>\n\n\n\n<p>\u00bfQuieres aprender a conducir de una forma muy pr\u00e1ctica y sin complicaciones? Entonces necesitas conocer estas aplicaciones, \u00a1convertir\u00e1n tu celular en un instructor virtual!<\/p>\n\n\n\n<p>Imagina poder practicar el aparcamiento, simular situaciones de tr\u00e1fico e incluso repasar las normas de tr\u00e1fico en cualquier momento. Con las aplicaciones adecuadas, puedes hacer todo esto en la palma de tu mano, convirti\u00e9ndolo en el complemento perfecto para las clases pr\u00e1cticas.<\/p>\n\n\n\n<p>Adem\u00e1s de poder tener esta experiencia de aprendizaje, \u00a1estas aplicaciones tambi\u00e9n proporcionan simulaciones y pruebas del DMV para que todo sea a\u00fan m\u00e1s f\u00e1cil! Para saber m\u00e1s solo <strong>Presione el bot\u00f3n de abajo<\/strong>.<\/p>\n\n\n\n<div style=\"height:10px\" aria-hidden=\"true\" class=\"wp-block-spacer\"><\/div>\n\n\n\n<div class=\"wp-block-buttons is-content-justification-center is-layout-flex wp-container-core-buttons-is-layout-a89b3969 wp-block-buttons-is-layout-flex\">\n<div class=\"wp-block-button has-custom-width wp-block-button__width-100 has-custom-font-size has-medium-font-size\"><a class=\"wp-block-button__link has-background has-text-align-center wp-element-button\" href=\"https:\/\/eucurioso.com.br\/es\/aplicativos-para-aprender-a-dirigir-pelo-celular\/\" style=\"border-radius:30px;background-color:#019548;padding-top:var(--wp--preset--spacing--30);padding-right:var(--wp--preset--spacing--50);padding-bottom:var(--wp--preset--spacing--30);padding-left:var(--wp--preset--spacing--50)\"><strong>\u2b95QUIERO SABER C\u00d3MO DESCARGAR<\/strong><\/a><\/div>\n<\/div>\n\n\n\n<p class=\"has-text-align-center\" style=\"margin-top:0;font-size:12px\">Permanecer\u00e1s en el mismo sitio web.<\/p>\n\n\n\n<div style=\"height:30px\" aria-hidden=\"true\" class=\"wp-block-spacer\"><\/div>\n\n\n\n<h2 class=\"wp-block-heading\" id=\"h-beneficios\">Beneficios<\/h2>\n\n\n\n<div class=\"wp-block-columns is-layout-flex wp-container-core-columns-is-layout-28f84493 wp-block-columns-is-layout-flex\">\n<div class=\"wp-block-column has-background is-layout-flow wp-block-column-is-layout-flow\" style=\"background-color:#fafbfc\">\n<div class=\"wp-block-media-text has-palette-color-7-background-color has-background\" style=\"padding-top:var(--wp--preset--spacing--30);padding-right:var(--wp--preset--spacing--40);padding-bottom:var(--wp--preset--spacing--30);padding-left:var(--wp--preset--spacing--40);grid-template-columns:15% auto\"><figure class=\"wp-block-media-text__media\"><img decoding=\"async\" src=\"https:\/\/eucurioso.com.br\/wp-content\/uploads\/2023\/11\/icon1.svg\" alt=\"\" class=\"wp-image-2234 size-full\"\/><\/figure><div class=\"wp-block-media-text__content\">\n<p class=\"has-medium-font-size\"><strong>Pr\u00e1ctica ilimitada<\/strong><\/p>\n\n\n\n<p style=\"font-size:clamp(14px, 0.875rem + ((1vw - 3.2px) * 0.234), 17px);\">Obt\u00e9n tu licencia pagando menos con la ayuda del programa.<\/p>\n<\/div><\/div>\n<\/div>\n\n\n\n<div class=\"wp-block-column has-background is-layout-flow wp-block-column-is-layout-flow\" style=\"background-color:#fafbfc\">\n<div class=\"wp-block-media-text has-palette-color-7-background-color has-background\" style=\"padding-top:var(--wp--preset--spacing--30);padding-right:var(--wp--preset--spacing--40);padding-bottom:var(--wp--preset--spacing--30);padding-left:var(--wp--preset--spacing--40);grid-template-columns:15% auto\"><figure class=\"wp-block-media-text__media\"><img decoding=\"async\" src=\"https:\/\/eucurioso.com.br\/wp-content\/uploads\/2023\/11\/icon1.svg\" alt=\"\" class=\"wp-image-2234 size-full\"\/><\/figure><div class=\"wp-block-media-text__content\">\n<p class=\"has-medium-font-size\"><strong>Seguridad garantizada<\/strong><\/p>\n\n\n\n<p style=\"font-size:clamp(14px, 0.875rem + ((1vw - 3.2px) * 0.234), 17px);\">CNH Popular ofrece formaci\u00f3n completa con calidad y practicidad.<\/p>\n<\/div><\/div>\n<\/div>\n\n\n\n<div class=\"wp-block-column has-background is-layout-flow wp-block-column-is-layout-flow\" style=\"background-color:#fafbfc\">\n<div class=\"wp-block-media-text has-palette-color-7-background-color has-background\" style=\"padding-top:var(--wp--preset--spacing--30);padding-right:var(--wp--preset--spacing--40);padding-bottom:var(--wp--preset--spacing--30);padding-left:var(--wp--preset--spacing--40);grid-template-columns:15% auto\"><figure class=\"wp-block-media-text__media\"><img decoding=\"async\" src=\"https:\/\/eucurioso.com.br\/wp-content\/uploads\/2023\/11\/icon1.svg\" alt=\"\" class=\"wp-image-2234 size-full\"\/><\/figure><div class=\"wp-block-media-text__content\">\n<p class=\"has-medium-font-size\"><strong>Aprendizaje interactivo<\/strong><\/p>\n\n\n\n<p style=\"font-size:clamp(14px, 0.875rem + ((1vw - 3.2px) * 0.234), 17px);\">El programa promueve el acceso a la cualificaci\u00f3n para todos, ampliando la inclusi\u00f3n social.<\/p>\n<\/div><\/div>\n<\/div>\n<\/div>\n\n\n\n<div style=\"height:30px\" aria-hidden=\"true\" class=\"wp-block-spacer\"><\/div>\n\n\n\n<h2 class=\"wp-block-heading\">Deposiciones<\/h2>\n\n\n\n<blockquote class=\"wp-block-quote is-layout-flow wp-block-quote-is-layout-flow\" style=\"font-size:clamp(14px, 0.875rem + ((1vw - 3.2px) * 0.078), 15px);\">\n<p style=\"font-size:clamp(14px, 0.875rem + ((1vw - 3.2px) * 0.234), 17px);\">Estas aplicaciones fueron esenciales para prepararme para mi examen de conducir. \u00a1Se lo recomiendo a todos!<\/p>\n<cite><em><strong>Mar\u00eda S.<\/strong><\/em><\/cite><\/blockquote>\n\n\n\n<blockquote class=\"wp-block-quote is-layout-flow wp-block-quote-is-layout-flow\" style=\"font-size:clamp(14px, 0.875rem + ((1vw - 3.2px) * 0.078), 15px);\">\n<p style=\"font-size:clamp(14px, 0.875rem + ((1vw - 3.2px) * 0.234), 17px);\">Por fin puedo aparcar con destreza gracias a los juegos de simulaci\u00f3n.<\/p>\n<cite><em><strong>Pedro R.<\/strong><\/em><\/cite><\/blockquote>\n\n\n\n<blockquote class=\"wp-block-quote is-layout-flow wp-block-quote-is-layout-flow\" style=\"font-size:clamp(14px, 0.875rem + ((1vw - 3.2px) * 0.078), 15px);\">\n<p style=\"font-size:clamp(14px, 0.875rem + ((1vw - 3.2px) * 0.234), 17px);\">\u00a1Las revisiones de las leyes de tr\u00e1nsito en las aplicaciones me ayudaron a aprobar el examen te\u00f3rico m\u00e1s f\u00e1cilmente!<\/p>\n<cite><em><strong>Ana C.<\/strong><\/em><\/cite><\/blockquote>\n\n\n\n<blockquote class=\"wp-block-quote is-layout-flow wp-block-quote-is-layout-flow\" style=\"font-size:clamp(14px, 0.875rem + ((1vw - 3.2px) * 0.078), 15px);\">\n<p style=\"font-size:clamp(14px, 0.875rem + ((1vw - 3.2px) * 0.234), 17px);\">Mi hijo est\u00e1 aprendiendo a conducir de forma pr\u00e1ctica y segura con estas aplicaciones. \u00a1Excelente herramienta!<\/p>\n<cite><em><strong>Jos\u00e9 P.<\/strong><\/em><\/cite><\/blockquote>\n\n\n\n<blockquote class=\"wp-block-quote is-layout-flow wp-block-quote-is-layout-flow\" style=\"font-size:clamp(14px, 0.875rem + ((1vw - 3.2px) * 0.078), 15px);\">\n<p style=\"font-size:clamp(14px, 0.875rem + ((1vw - 3.2px) * 0.234), 17px);\">Nunca imagin\u00e9 que aprender a conducir podr\u00eda ser tan f\u00e1cil y pr\u00e1ctico con el uso de aplicaciones.<\/p>\n<cite><em><strong>Luisa M.<\/strong><\/em><\/cite><\/blockquote>\n\n\n\n<div style=\"height:20px\" aria-hidden=\"true\" class=\"wp-block-spacer\"><\/div>\n\n\n\n<div class=\"wp-block-buttons is-content-justification-center is-layout-flex wp-container-core-buttons-is-layout-a89b3969 wp-block-buttons-is-layout-flex\">\n<div class=\"wp-block-button has-custom-width wp-block-button__width-100 has-custom-font-size has-medium-font-size\"><a class=\"wp-block-button__link has-background has-text-align-center wp-element-button\" href=\"https:\/\/eucurioso.com.br\/es\/aplicativos-para-aprender-a-dirigir-pelo-celular\/\" style=\"border-radius:30px;background-color:#019548;padding-top:var(--wp--preset--spacing--30);padding-right:var(--wp--preset--spacing--50);padding-bottom:var(--wp--preset--spacing--30);padding-left:var(--wp--preset--spacing--50)\"><strong><strong>\u2b95 VER <\/strong>C\u00d3MO EMPEZAR<\/strong><\/a><\/div>\n<\/div>\n\n\n\n<p class=\"has-text-align-center\" style=\"margin-top:0;font-size:12px\">Permanecer\u00e1s en el mismo sitio.<\/p>\n\n\n\n<div style=\"height:30px\" aria-hidden=\"true\" class=\"wp-block-spacer\"><\/div>\n\n\n\n<h2 class=\"wp-block-heading\" id=\"h-perguntas-frequentes\">Preguntas frecuentes<\/h2>\n\n\n\n<div class=\"wp-block-columns is-layout-flex wp-container-core-columns-is-layout-28f84493 wp-block-columns-is-layout-flex\">\n<div class=\"wp-block-column is-layout-flow wp-block-column-is-layout-flow\">\n<p><strong>\u00bfCu\u00e1les son las mejores aplicaciones para aprender a conducir?<\/strong><\/p>\n\n\n\n<hr class=\"wp-block-separator has-text-color has-palette-color-5-color has-alpha-channel-opacity has-palette-color-5-background-color has-background is-style-wide\"\/>\n\n\n\n<p>Algunos de los m\u00e1s recomendados son Simulado Detran Brasil 2024, Parking Mania: Car Parking Game y Dr. Driving. Ofrecen una variedad de funciones, desde simulaciones realistas hasta revisiones de las normas de tr\u00e1fico.<\/p>\n<\/div>\n<\/div>\n\n\n\n<div class=\"wp-block-columns is-layout-flex wp-container-core-columns-is-layout-28f84493 wp-block-columns-is-layout-flex\">\n<div class=\"wp-block-column is-layout-flow wp-block-column-is-layout-flow\">\n<p><strong>\u00bfPueden las aplicaciones sustituir las clases pr\u00e1cticas en la escuela de conducci\u00f3n?<\/strong><\/p>\n\n\n\n<hr class=\"wp-block-separator has-text-color has-palette-color-5-color has-alpha-channel-opacity has-palette-color-5-background-color has-background is-style-wide\"\/>\n\n\n\n<p>No, las aplicaciones son herramientas complementarias para el aprendizaje. Te ayudan a practicar y repasar conceptos, pero no sustituyen la experiencia pr\u00e1ctica con un instructor calificado.<\/p>\n<\/div>\n<\/div>\n\n\n\n<div class=\"wp-block-columns is-layout-flex wp-container-core-columns-is-layout-28f84493 wp-block-columns-is-layout-flex\">\n<div class=\"wp-block-column is-layout-flow wp-block-column-is-layout-flow\">\n<p><strong>\u00bfPuedo aprender a conducir usando s\u00f3lo aplicaciones?<\/strong><\/p>\n\n\n\n<hr class=\"wp-block-separator has-text-color has-palette-color-5-color has-alpha-channel-opacity has-palette-color-5-background-color has-background is-style-wide\"\/>\n\n\n\n<p>Si bien las aplicaciones son excelentes recursos, no son suficientes por s\u00ed solas para ense\u00f1arte todas las habilidades que necesitas para conducir. La pr\u00e1ctica real con un veh\u00edculo es esencial.<\/p>\n<\/div>\n<\/div>\n\n\n\n<div class=\"wp-block-columns is-layout-flex wp-container-core-columns-is-layout-28f84493 wp-block-columns-is-layout-flex\">\n<div class=\"wp-block-column is-layout-flow wp-block-column-is-layout-flow\">\n<p><strong>\u00bfLas aplicaciones son adecuadas para principiantes o s\u00f3lo para aquellos que ya tienen algunos conocimientos?<\/strong><\/p>\n\n\n\n<hr class=\"wp-block-separator has-text-color has-palette-color-5-color has-alpha-channel-opacity has-palette-color-5-background-color has-background is-style-wide\"\/>\n\n\n\n<p>La mayor\u00eda de las aplicaciones ofrecen funciones para todos los niveles, desde principiantes hasta conductores m\u00e1s experimentados. Est\u00e1n dise\u00f1ados para seguir tu progreso y ofrecer desaf\u00edos apropiados.<\/p>\n<\/div>\n<\/div>\n\n\n\n<div class=\"wp-block-columns is-layout-flex wp-container-core-columns-is-layout-28f84493 wp-block-columns-is-layout-flex\">\n<div class=\"wp-block-column is-layout-flow wp-block-column-is-layout-flow\">\n<p><strong>\u00bfLas aplicaciones son gratuitas?<\/strong><\/p>\n\n\n\n<hr class=\"wp-block-separator has-text-color has-palette-color-5-color has-alpha-channel-opacity has-palette-color-5-background-color has-background is-style-wide\"\/>\n\n\n\n<p>Algunas aplicaciones son gratuitas, mientras que otras ofrecen versiones pagas con funciones adicionales. Generalmente puedes probar las versiones b\u00e1sicas de forma gratuita antes de realizar cualquier compra.<\/p>\n<\/div>\n<\/div>\n\n\n\n<div class=\"wp-block-columns is-layout-flex wp-container-core-columns-is-layout-28f84493 wp-block-columns-is-layout-flex\">\n<div class=\"wp-block-column is-layout-flow wp-block-column-is-layout-flow\">\n<p><strong>\u00bfPuedo usar las aplicaciones para prepararme para mi examen de conducir?<\/strong><\/p>\n\n\n\n<hr class=\"wp-block-separator has-text-color has-palette-color-5-color has-alpha-channel-opacity has-palette-color-5-background-color has-background is-style-wide\"\/>\n\n\n\n<p>S\u00ed, muchas apps incluyen simulaciones y repasos de las leyes de tr\u00e1fico, que pueden ser muy \u00fatiles para preparar el examen te\u00f3rico y pr\u00e1ctico.<\/p>\n<\/div>\n<\/div>\n\n\n\n<div class=\"wp-block-columns is-layout-flex wp-container-core-columns-is-layout-28f84493 wp-block-columns-is-layout-flex\">\n<div class=\"wp-block-column is-layout-flow wp-block-column-is-layout-flow\">\n<p><strong>\u00bfLas aplicaciones se actualizan peri\u00f3dicamente?<\/strong><\/p>\n\n\n\n<hr class=\"wp-block-separator has-text-color has-palette-color-5-color has-alpha-channel-opacity has-palette-color-5-background-color has-background is-style-wide\"\/>\n\n\n\n<p>La mayor\u00eda de los desarrolladores actualizan sus aplicaciones peri\u00f3dicamente para corregir errores, agregar nuevas funciones y garantizar que la informaci\u00f3n est\u00e9 en l\u00ednea con las \u00faltimas leyes de tr\u00e1nsito.<\/p>\n<\/div>\n<\/div>\n\n\n\n<div style=\"height:30px\" aria-hidden=\"true\" class=\"wp-block-spacer\"><\/div>\n\n\n\n<style>\n.bloco-main {\n    gap: 0px !important\n}\n.entry-title {\n    text-align: center;\n}\n.entry-content:not(:first-child) {\n    margin-top: 20px;\n}\n@media (max-width: 768px) {\n    .separate-containers .inside-article, .separate-containers .comments-area, .separate-containers .page-header, .separate-containers .paging-navigation, .one-container .site-content, .inside-page-header {\n        padding: 0px 20px 20px 20px !important;\n    }\n}\n.separate-containers .site-main {\n    margin: 15px;\n}\n.wp-block-quote:not(.is-style-plain):not(.has-text-align-center):not(.has-text-align-right) {\n    border-inline-start: 4px solid #019548;\n}\n\n.wp-block-separator:not(.is-style-dots) {\n    height: 1px;\n}\n@media (max-width: 600px) {\n.wp-block-media-text.is-stacked-on-mobile {\n    padding: 10px !important;\n}\n}\n\n.wp-block-media-text__media img, .wp-block-media-text__media video {\n    border-radius: 30px !important;\n}\nhr {\n    margin-bottom: 10px;\n    margin-top: 10px;\n}\n<\/style>","protected":false},"excerpt":{"rendered":"<p>Sabia que \u00e9 poss\u00edvel aprender a dirigir pelo celular? Com esses aplicativos, voc\u00ea poder\u00e1 aprender a dirigir Voc\u00ea continuar\u00e1 no mesmo site. Quer aprender a dirigir de uma forma muito pr\u00e1tica e sem complica\u00e7\u00f5es? ent\u00e3o voc\u00ea precisa conhecer esses aplicativos, eles v\u00e3o transformar o seu celular em um instrutor virtual! Imagine poder praticar o estacionamento, [&hellip;]<\/p>","protected":false},"author":2,"featured_media":0,"parent":0,"menu_order":0,"comment_status":"closed","ping_status":"closed","template":"","meta":{"footnotes":""},"class_list":["post-7599","page","type-page","status-publish","hentry"],"blocksy_meta":{"page_structure_type":"type-3","has_hero_section":"enabled","hero_alignment1":{"desktop":"center","tablet":"center","mobile":"center"},"pageTitleFont":{"family":"Default","variation":"n7","size":{"desktop":"30px","tablet":"30px","mobile":"19px","__changed":["mobile"]},"line-height":"CT_CSS_SKIP_RULE","letter-spacing":"CT_CSS_SKIP_RULE","text-transform":"CT_CSS_SKIP_RULE","text-decoration":"CT_CSS_SKIP_RULE"},"styles_descriptor":{"styles":{"desktop":"[data-prefix=\"single_page\"] .entry-header .page-title {--theme-font-weight:700;--theme-font-size:30px;} [data-prefix=\"single_page\"] .entry-header .entry-meta {--theme-font-weight:600;--theme-text-transform:uppercase;--theme-font-size:12px;--theme-line-height:1.3;} [data-prefix=\"single_page\"] .hero-section[data-type=\"type-1\"] {--alignment:center;}","tablet":"","mobile":"[data-prefix=\"single_page\"] .entry-header .page-title {--theme-font-size:19px;}"},"google_fonts":{"Poppins":["n7","n6","n4"]},"version":6}},"_links":{"self":[{"href":"https:\/\/eucurioso.com.br\/es\/wp-json\/wp\/v2\/pages\/7599","targetHints":{"allow":["GET"]}}],"collection":[{"href":"https:\/\/eucurioso.com.br\/es\/wp-json\/wp\/v2\/pages"}],"about":[{"href":"https:\/\/eucurioso.com.br\/es\/wp-json\/wp\/v2\/types\/page"}],"author":[{"embeddable":true,"href":"https:\/\/eucurioso.com.br\/es\/wp-json\/wp\/v2\/users\/2"}],"replies":[{"embeddable":true,"href":"https:\/\/eucurioso.com.br\/es\/wp-json\/wp\/v2\/comments?post=7599"}],"version-history":[{"count":1,"href":"https:\/\/eucurioso.com.br\/es\/wp-json\/wp\/v2\/pages\/7599\/revisions"}],"predecessor-version":[{"id":8186,"href":"https:\/\/eucurioso.com.br\/es\/wp-json\/wp\/v2\/pages\/7599\/revisions\/8186"}],"wp:attachment":[{"href":"https:\/\/eucurioso.com.br\/es\/wp-json\/wp\/v2\/media?parent=7599"}],"curies":[{"name":"wp","href":"https:\/\/api.w.org\/{rel}","templated":true}]}}